{"id":23,"date":"2016-08-03T13:03:41","date_gmt":"2016-08-03T13:03:41","guid":{"rendered":"https:\/\/themify.me\/demo\/themes\/ultra-agency\/?page_id=18"},"modified":"2026-02-24T10:47:37","modified_gmt":"2026-02-24T10:47:37","slug":"home","status":"publish","type":"page","link":"https:\/\/www.kontrastagency.com\/","title":{"rendered":"Home"},"content":{"rendered":"<p><\/p>\n\n<!-- wp:themify-builder\/canvas \/--><!--themify_builder_static--><svg> <circle r=\"calc(50% - 1px)\" cx=\"50%\" cy=\"50%\" stroke-width=\"2\"\/> <circle r=\"calc(50% - 1px)\" cx=\"50%\" cy=\"50%\" stroke=\"#23c3d1\" stroke-width=\"2\" data-progress=\"100\" stroke-dasharray=\"0,10000\"\/> <\/svg> <i style=\"color: #000\"><svg aria-hidden=\"true\"><use href=\"#tf-ti-video-clapper\"><\/use><\/svg><\/i> <h3> Video Prod\u00fcksiyon <\/h3> <p>Reklam filmi, tan\u0131t\u0131m filmi, video klip, sosyal medya&#8230;<\/p>\n<svg> <circle r=\"calc(50% - 1px)\" cx=\"50%\" cy=\"50%\" stroke-width=\"2\"\/> <circle r=\"calc(50% - 1px)\" cx=\"50%\" cy=\"50%\" stroke=\"#23c3d1\" stroke-width=\"2\" data-progress=\"100\" stroke-dasharray=\"0,10000\"\/> <\/svg> <i style=\"color: #000\"><svg aria-hidden=\"true\"><use href=\"#tf-fas-film\"><\/use><\/svg><\/i> <h3> VFX <\/h3> <p>Sinema\/TV i\u00e7in ileri seviye <br \/>g\u00f6rsel efekt \u00e7al\u0131\u015fmalar\u0131<\/p>\n<svg> <circle r=\"calc(50% - 1px)\" cx=\"50%\" cy=\"50%\" stroke-width=\"2\"\/> <circle r=\"calc(50% - 1px)\" cx=\"50%\" cy=\"50%\" stroke=\"#23c3d1\" stroke-width=\"2\" data-progress=\"100\" stroke-dasharray=\"0,10000\"\/> <\/svg> <i style=\"color: #000\"><svg aria-hidden=\"true\"><use href=\"#tf-ti-mobile\"><\/use><\/svg><\/i> <h3> Sosyal Medya <\/h3> <p>Markan\u0131z dijital mecralarda do\u011fru ve nitelikli y\u00f6netilsin&#8230;<\/p>\n<svg> <circle r=\"calc(50% - 1px)\" cx=\"50%\" cy=\"50%\" stroke-width=\"2\"\/> <circle r=\"calc(50% - 1px)\" cx=\"50%\" cy=\"50%\" stroke=\"#23c3d1\" stroke-width=\"2\" data-progress=\"100\" stroke-dasharray=\"0,10000\"\/> <\/svg> <i style=\"color: #000\"><svg aria-hidden=\"true\"><use href=\"#tf-fab-digital-ocean\"><\/use><\/svg><\/i> <h3> Dijital <\/h3> <p>Dijital Pazarlama\/Strateji,<br \/>SEO, Google Ads<\/p>\n<h2>KONTRAST Fark\u0131<\/h2> <p>Kontrast, g\u00f6rsel ve strateji odakl\u0131<br \/> dijital kreatif ajans hizmetleri sunmaktad\u0131r&#8230;<\/p> <h5>Bu Yolculu\u011fa Haz\u0131r M\u0131s\u0131n?<\/h5>\n<h3>Dijital Pazarlama<\/h3> <p>\u0130nternet ba\u011flant\u0131l\u0131 her t\u00fcrl\u00fc platformda do\u011fru strateji ve planlama ile hedef kitlenize do\u011frudan ula\u015f\u0131n.<\/p>\n<img loading=\"lazy\" decoding=\"async\" src=\"http:\/\/www.kontrastagency.com\/2021\/wp-content\/uploads\/2021\/12\/carlos-muza-hpjSkU2UYSU-unsplash.jpg\" width=\"789\" height=\"453\" title=\"\" alt=\"\">\n<h3>Kimlerle \u00c7al\u0131\u015f\u0131yoruz?<\/h3>\n<img loading=\"lazy\" decoding=\"async\" src=\"http:\/\/www.kontrastagency.com\/2021\/wp-content\/uploads\/2021\/09\/thy.jpg\" width=\"160\" height=\"75\" title=\"\" alt=\"\">\n<img loading=\"lazy\" decoding=\"async\" src=\"http:\/\/www.kontrastagency.com\/2021\/wp-content\/uploads\/2021\/09\/arcelik.jpg\" width=\"160\" height=\"75\" title=\"\" alt=\"\">\n<img loading=\"lazy\" decoding=\"async\" src=\"http:\/\/www.kontrastagency.com\/2021\/wp-content\/uploads\/2021\/09\/bellona_01.jpg\" width=\"160\" height=\"75\" title=\"\" alt=\"\">\n<img loading=\"lazy\" decoding=\"async\" src=\"http:\/\/www.kontrastagency.com\/2021\/wp-content\/uploads\/2021\/09\/borusan.jpg\" width=\"160\" height=\"75\" title=\"\" alt=\"\">\n<img loading=\"lazy\" decoding=\"async\" src=\"http:\/\/www.kontrastagency.com\/2021\/wp-content\/uploads\/2021\/09\/most.jpg\" width=\"160\" height=\"75\" title=\"\" alt=\"\">\n<img loading=\"lazy\" decoding=\"async\" src=\"http:\/\/www.kontrastagency.com\/2021\/wp-content\/uploads\/2026\/02\/ramada.jpg\" width=\"160\" height=\"75\" title=\"\" alt=\"\">\n<img loading=\"lazy\" decoding=\"async\" src=\"http:\/\/www.kontrastagency.com\/2021\/wp-content\/uploads\/2026\/02\/itsumi.jpg\" width=\"160\" height=\"75\" title=\"\" alt=\"\">\n<img loading=\"lazy\" decoding=\"async\" src=\"http:\/\/www.kontrastagency.com\/2021\/wp-content\/uploads\/2021\/09\/pasa.jpg\" width=\"160\" height=\"75\" title=\"\" alt=\"\">\n<img loading=\"lazy\" decoding=\"async\" src=\"http:\/\/www.kontrastagency.com\/2021\/wp-content\/uploads\/2026\/02\/sahil_lokantalari.jpg\" width=\"160\" height=\"75\" title=\"\" alt=\"\">\n<img loading=\"lazy\" decoding=\"async\" src=\"http:\/\/www.kontrastagency.com\/2021\/wp-content\/uploads\/2021\/09\/ece_saray.jpg\" width=\"160\" height=\"75\" title=\"\" alt=\"\">\n<img loading=\"lazy\" decoding=\"async\" src=\"http:\/\/www.kontrastagency.com\/2021\/wp-content\/uploads\/2026\/02\/sinem_sak.jpg\" width=\"160\" height=\"75\" title=\"\" alt=\"\">\n<img loading=\"lazy\" decoding=\"async\" src=\"http:\/\/www.kontrastagency.com\/2021\/wp-content\/uploads\/2021\/09\/help.jpg\" width=\"160\" height=\"75\" title=\"\" alt=\"\">\n<img loading=\"lazy\" decoding=\"async\" src=\"http:\/\/www.kontrastagency.com\/2021\/wp-content\/uploads\/2026\/02\/saliha_sultan.jpg\" width=\"160\" height=\"75\" title=\"\" alt=\"\">\n<img loading=\"lazy\" decoding=\"async\" src=\"http:\/\/www.kontrastagency.com\/2021\/wp-content\/uploads\/2021\/09\/sismak.jpg\" width=\"160\" height=\"75\" title=\"\" alt=\"\">\n<img loading=\"lazy\" decoding=\"async\" src=\"http:\/\/www.kontrastagency.com\/2021\/wp-content\/uploads\/2026\/02\/yazz.jpg\" width=\"160\" height=\"75\" title=\"\" alt=\"\">\n<img loading=\"lazy\" decoding=\"async\" src=\"http:\/\/www.kontrastagency.com\/2021\/wp-content\/uploads\/2021\/09\/mejnun.jpg\" width=\"160\" height=\"75\" title=\"\" alt=\"\">\n<img loading=\"lazy\" decoding=\"async\" src=\"http:\/\/www.kontrastagency.com\/2021\/wp-content\/uploads\/2021\/09\/MG.jpg\" width=\"160\" height=\"75\" title=\"\" alt=\"\">\n<img loading=\"lazy\" decoding=\"async\" src=\"http:\/\/www.kontrastagency.com\/2021\/wp-content\/uploads\/2021\/09\/lofty.jpg\" width=\"160\" height=\"75\" title=\"\" alt=\"\">\n<img loading=\"lazy\" decoding=\"async\" src=\"http:\/\/www.kontrastagency.com\/2021\/wp-content\/uploads\/2021\/09\/GIS.jpg\" width=\"160\" height=\"75\" title=\"\" alt=\"\">\n<img loading=\"lazy\" decoding=\"async\" src=\"http:\/\/www.kontrastagency.com\/2021\/wp-content\/uploads\/2021\/09\/aquila.jpg\" width=\"160\" height=\"75\" title=\"\" alt=\"\">\n<img loading=\"lazy\" decoding=\"async\" src=\"http:\/\/www.kontrastagency.com\/2021\/wp-content\/uploads\/2021\/09\/NoorCM.jpg\" width=\"160\" height=\"75\" title=\"\" alt=\"\">\n<img loading=\"lazy\" decoding=\"async\" src=\"http:\/\/www.kontrastagency.com\/2021\/wp-content\/uploads\/2021\/09\/alp.jpg\" width=\"160\" height=\"75\" title=\"\" alt=\"\">\n<img loading=\"lazy\" decoding=\"async\" src=\"http:\/\/www.kontrastagency.com\/2021\/wp-content\/uploads\/2021\/09\/adnan.jpg\" width=\"160\" height=\"75\" title=\"\" alt=\"\">\n<img loading=\"lazy\" decoding=\"async\" src=\"http:\/\/www.kontrastagency.com\/2021\/wp-content\/uploads\/2021\/09\/alara.jpg\" width=\"160\" height=\"75\" title=\"\" alt=\"\">\n<img loading=\"lazy\" decoding=\"async\" src=\"http:\/\/www.kontrastagency.com\/2021\/wp-content\/uploads\/2021\/09\/agora.jpg\" width=\"160\" height=\"75\" title=\"\" alt=\"\">\n<img loading=\"lazy\" decoding=\"async\" src=\"http:\/\/www.kontrastagency.com\/2021\/wp-content\/uploads\/2021\/09\/unique.jpg\" width=\"160\" height=\"75\" title=\"\" alt=\"\">\n<img loading=\"lazy\" decoding=\"async\" src=\"http:\/\/www.kontrastagency.com\/2021\/wp-content\/uploads\/2021\/09\/ISEV.jpg\" width=\"160\" height=\"75\" title=\"\" alt=\"\">\n<img loading=\"lazy\" decoding=\"async\" src=\"http:\/\/www.kontrastagency.com\/2021\/wp-content\/uploads\/2021\/09\/araxa.jpg\" width=\"160\" height=\"75\" title=\"\" alt=\"\">\n<img loading=\"lazy\" decoding=\"async\" src=\"http:\/\/www.kontrastagency.com\/2021\/wp-content\/uploads\/2021\/09\/hotdog.jpg\" width=\"160\" height=\"75\" title=\"\" alt=\"\">\n<img loading=\"lazy\" decoding=\"async\" src=\"http:\/\/www.kontrastagency.com\/2021\/wp-content\/uploads\/2021\/09\/alp.jpg\" width=\"160\" height=\"75\" title=\"\" alt=\"\">\n<img loading=\"lazy\" decoding=\"async\" src=\"http:\/\/www.kontrastagency.com\/2021\/wp-content\/uploads\/2021\/09\/tufanlar.jpg\" width=\"160\" height=\"75\" title=\"\" alt=\"\">\n<img loading=\"lazy\" decoding=\"async\" src=\"http:\/\/www.kontrastagency.com\/2021\/wp-content\/uploads\/2021\/09\/GI.jpg\" width=\"160\" height=\"75\" title=\"\" alt=\"\">\n<img loading=\"lazy\" decoding=\"async\" src=\"http:\/\/www.kontrastagency.com\/2021\/wp-content\/uploads\/2021\/09\/torque.jpg\" width=\"160\" height=\"75\" title=\"\" alt=\"\">\n<img loading=\"lazy\" decoding=\"async\" src=\"http:\/\/www.kontrastagency.com\/2021\/wp-content\/uploads\/2021\/09\/mod.jpg\" width=\"160\" height=\"75\" title=\"\" alt=\"\">\n<img loading=\"lazy\" decoding=\"async\" src=\"http:\/\/www.kontrastagency.com\/2021\/wp-content\/uploads\/2021\/09\/villas2book.jpg\" width=\"160\" height=\"75\" title=\"\" alt=\"\">\n<h3>HAYALDEN G\u00d6RSELE<\/h3>\n<svg> <circle r=\"calc(50% - 1px)\" cx=\"50%\" cy=\"50%\" stroke-width=\"2\"\/> <circle r=\"calc(50% - 1px)\" cx=\"50%\" cy=\"50%\" stroke=\"#23c3d1\" stroke-width=\"2\" data-progress=\"100\" stroke-dasharray=\"0,10000\"\/> <\/svg> <i style=\"color: #000\"><svg aria-hidden=\"true\"><use href=\"#tf-ti-ruler-pencil\"><\/use><\/svg><\/i> <p><strong>STRATEJ\u0130<\/strong><\/p>\n<svg> <circle r=\"calc(50% - 1px)\" cx=\"50%\" cy=\"50%\" stroke-width=\"2\"\/> <circle r=\"calc(50% - 1px)\" cx=\"50%\" cy=\"50%\" stroke=\"#23c3d1\" stroke-width=\"2\" data-progress=\"100\" stroke-dasharray=\"0,10000\"\/> <\/svg> <i style=\"color: #000\"><svg aria-hidden=\"true\"><use href=\"#tf-ti-brush\"><\/use><\/svg><\/i> <p><strong>YARATMA<\/strong><\/p>\n<svg> <circle r=\"calc(50% - 1px)\" cx=\"50%\" cy=\"50%\" stroke-width=\"2\"\/> <circle r=\"calc(50% - 1px)\" cx=\"50%\" cy=\"50%\" stroke=\"#23c3d1\" stroke-width=\"2\" data-progress=\"100\" stroke-dasharray=\"0,10000\"\/> <\/svg> <i style=\"color: #000\"><svg aria-hidden=\"true\"><use href=\"#tf-ti-thumb-up\"><\/use><\/svg><\/i> <p><strong>UYGULAMA<\/strong><\/p>\n<h3>KONTRAST Hakk\u0131nda&#8230;<\/h3> <p><strong>KONTRAST<\/strong>, temelleri 2007 y\u0131l\u0131nda at\u0131lm\u0131\u015f olan ve g\u00fcn\u00fcm\u00fcze kadar say\u0131s\u0131z markaya hizmet sa\u011flam\u0131\u015f, bir \u00d6zkaplan Medya kurumudur.<\/p>\n<h5>Merkez Ofis<\/h5> <p>Tuzla Mah. 577. Sk. No:8\/6<br \/>Fethiye &#8211; MU\u011eLA<\/p> <hr \/> <p>@. <a href=\"mailto:iletisim@kontrastagency.com\">iletisim@kontrastagency.com<\/a><br \/>\u00a0T.+90 539 989 88 98<\/p><!--\/themify_builder_static-->","protected":false},"excerpt":{"rendered":"<p>Video Prod\u00fcksiyon Reklam filmi, tan\u0131t\u0131m filmi, video klip, sosyal medya&#8230; VFX Sinema\/TV i\u00e7in ileri seviye g\u00f6rsel efekt \u00e7al\u0131\u015fmalar\u0131 Sosyal Medya Markan\u0131z dijital mecralarda do\u011fru ve nitelikli y\u00f6netilsin&#8230; Dijital Dijital Pazarlama\/Strateji,SEO, Google Ads KONTRAST Fark\u0131 Kontrast, g\u00f6rsel ve strateji odakl\u0131 dijital kreatif ajans hizmetleri sunmaktad\u0131r&#8230; Bu Yolculu\u011fa Haz\u0131r M\u0131s\u0131n? Dijital Pazarlama \u0130nternet ba\u011flant\u0131l\u0131 her t\u00fcrl\u00fc platformda [&hellip;]<\/p>\n","protected":false},"author":1,"featured_media":0,"parent":0,"menu_order":0,"comment_status":"closed","ping_status":"closed","template":"","meta":{"footnotes":""},"class_list":["post-23","page","type-page","status-publish","hentry","has-post-title","has-post-date","has-post-category","has-post-tag","has-post-comment","has-post-author",""],"builder_content":"<svg> <circle r=\"calc(50% - 1px)\" cx=\"50%\" cy=\"50%\" stroke-width=\"2\"\/> <circle r=\"calc(50% - 1px)\" cx=\"50%\" cy=\"50%\" stroke=\"#23c3d1\" stroke-width=\"2\" data-progress=\"100\" stroke-dasharray=\"0,10000\"\/> <\/svg> <i style=\"color: #000\"><svg aria-hidden=\"true\"><use href=\"#tf-ti-video-clapper\"><\/use><\/svg><\/i> <h3> Video Prod\u00fcksiyon <\/h3> <p>Reklam filmi, tan\u0131t\u0131m filmi, video klip, sosyal medya...<\/p>\n<svg> <circle r=\"calc(50% - 1px)\" cx=\"50%\" cy=\"50%\" stroke-width=\"2\"\/> <circle r=\"calc(50% - 1px)\" cx=\"50%\" cy=\"50%\" stroke=\"#23c3d1\" stroke-width=\"2\" data-progress=\"100\" stroke-dasharray=\"0,10000\"\/> <\/svg> <i style=\"color: #000\"><svg aria-hidden=\"true\"><use href=\"#tf-fas-film\"><\/use><\/svg><\/i> <h3> VFX <\/h3> <p>Sinema\/TV i\u00e7in ileri seviye <br \/>g\u00f6rsel efekt \u00e7al\u0131\u015fmalar\u0131<\/p>\n<svg> <circle r=\"calc(50% - 1px)\" cx=\"50%\" cy=\"50%\" stroke-width=\"2\"\/> <circle r=\"calc(50% - 1px)\" cx=\"50%\" cy=\"50%\" stroke=\"#23c3d1\" stroke-width=\"2\" data-progress=\"100\" stroke-dasharray=\"0,10000\"\/> <\/svg> <i style=\"color: #000\"><svg aria-hidden=\"true\"><use href=\"#tf-ti-mobile\"><\/use><\/svg><\/i> <h3> Sosyal Medya <\/h3> <p>Markan\u0131z dijital mecralarda do\u011fru ve nitelikli y\u00f6netilsin...<\/p>\n<svg> <circle r=\"calc(50% - 1px)\" cx=\"50%\" cy=\"50%\" stroke-width=\"2\"\/> <circle r=\"calc(50% - 1px)\" cx=\"50%\" cy=\"50%\" stroke=\"#23c3d1\" stroke-width=\"2\" data-progress=\"100\" stroke-dasharray=\"0,10000\"\/> <\/svg> <i style=\"color: #000\"><svg aria-hidden=\"true\"><use href=\"#tf-fab-digital-ocean\"><\/use><\/svg><\/i> <h3> Dijital <\/h3> <p>Dijital Pazarlama\/Strateji,<br \/>SEO, Google Ads<\/p>\n<h2>KONTRAST Fark\u0131<\/h2> <p>Kontrast, g\u00f6rsel ve strateji odakl\u0131<br \/> dijital kreatif ajans hizmetleri sunmaktad\u0131r...<\/p> <h5>Bu Yolculu\u011fa Haz\u0131r M\u0131s\u0131n?<\/h5>\n<h3>Dijital Pazarlama<\/h3> <p>\u0130nternet ba\u011flant\u0131l\u0131 her t\u00fcrl\u00fc platformda do\u011fru strateji ve planlama ile hedef kitlenize do\u011frudan ula\u015f\u0131n.<\/p>\n<img src=\"http:\/\/www.kontrastagency.com\/2021\/wp-content\/uploads\/2021\/12\/carlos-muza-hpjSkU2UYSU-unsplash.jpg\" width=\"789\" height=\"453\" title=\"Home\" alt=\"Home\">\n<h3>Kimlerle \u00c7al\u0131\u015f\u0131yoruz?<\/h3>\n<img src=\"http:\/\/www.kontrastagency.com\/2021\/wp-content\/uploads\/2021\/09\/thy.jpg\" width=\"160\" height=\"75\" title=\"Home\" alt=\"Home\">\n<img src=\"http:\/\/www.kontrastagency.com\/2021\/wp-content\/uploads\/2021\/09\/arcelik.jpg\" width=\"160\" height=\"75\" title=\"Home\" alt=\"Home\">\n<img src=\"http:\/\/www.kontrastagency.com\/2021\/wp-content\/uploads\/2021\/09\/bellona_01.jpg\" width=\"160\" height=\"75\" title=\"Home\" alt=\"Home\">\n<img src=\"http:\/\/www.kontrastagency.com\/2021\/wp-content\/uploads\/2021\/09\/borusan.jpg\" width=\"160\" height=\"75\" title=\"Home\" alt=\"Home\">\n<img src=\"http:\/\/www.kontrastagency.com\/2021\/wp-content\/uploads\/2021\/09\/most.jpg\" width=\"160\" height=\"75\" title=\"Home\" alt=\"Home\">\n<img src=\"http:\/\/www.kontrastagency.com\/2021\/wp-content\/uploads\/2026\/02\/ramada.jpg\" width=\"160\" height=\"75\" title=\"Home\" alt=\"Home\">\n<img src=\"http:\/\/www.kontrastagency.com\/2021\/wp-content\/uploads\/2026\/02\/itsumi.jpg\" width=\"160\" height=\"75\" title=\"Home\" alt=\"Home\">\n<img src=\"http:\/\/www.kontrastagency.com\/2021\/wp-content\/uploads\/2021\/09\/pasa.jpg\" width=\"160\" height=\"75\" title=\"Home\" alt=\"Home\">\n<img src=\"http:\/\/www.kontrastagency.com\/2021\/wp-content\/uploads\/2026\/02\/sahil_lokantalari.jpg\" width=\"160\" height=\"75\" title=\"Home\" alt=\"Home\">\n<img src=\"http:\/\/www.kontrastagency.com\/2021\/wp-content\/uploads\/2021\/09\/ece_saray.jpg\" width=\"160\" height=\"75\" title=\"Home\" alt=\"Home\">\n<img src=\"http:\/\/www.kontrastagency.com\/2021\/wp-content\/uploads\/2026\/02\/sinem_sak.jpg\" width=\"160\" height=\"75\" title=\"Home\" alt=\"Home\">\n<img src=\"http:\/\/www.kontrastagency.com\/2021\/wp-content\/uploads\/2021\/09\/help.jpg\" width=\"160\" height=\"75\" title=\"Home\" alt=\"Home\">\n<img src=\"http:\/\/www.kontrastagency.com\/2021\/wp-content\/uploads\/2026\/02\/saliha_sultan.jpg\" width=\"160\" height=\"75\" title=\"Home\" alt=\"Home\">\n<img src=\"http:\/\/www.kontrastagency.com\/2021\/wp-content\/uploads\/2021\/09\/sismak.jpg\" width=\"160\" height=\"75\" title=\"Home\" alt=\"Home\">\n<img src=\"http:\/\/www.kontrastagency.com\/2021\/wp-content\/uploads\/2026\/02\/yazz.jpg\" width=\"160\" height=\"75\" title=\"Home\" alt=\"Home\">\n<img src=\"http:\/\/www.kontrastagency.com\/2021\/wp-content\/uploads\/2021\/09\/mejnun.jpg\" width=\"160\" height=\"75\" title=\"Home\" alt=\"Home\">\n<img src=\"http:\/\/www.kontrastagency.com\/2021\/wp-content\/uploads\/2021\/09\/MG.jpg\" width=\"160\" height=\"75\" title=\"Home\" alt=\"Home\">\n<img src=\"http:\/\/www.kontrastagency.com\/2021\/wp-content\/uploads\/2021\/09\/lofty.jpg\" width=\"160\" height=\"75\" title=\"Home\" alt=\"Home\">\n<img src=\"http:\/\/www.kontrastagency.com\/2021\/wp-content\/uploads\/2021\/09\/GIS.jpg\" width=\"160\" height=\"75\" title=\"Home\" alt=\"Home\">\n<img src=\"http:\/\/www.kontrastagency.com\/2021\/wp-content\/uploads\/2021\/09\/aquila.jpg\" width=\"160\" height=\"75\" title=\"Home\" alt=\"Home\">\n<img src=\"http:\/\/www.kontrastagency.com\/2021\/wp-content\/uploads\/2021\/09\/NoorCM.jpg\" width=\"160\" height=\"75\" title=\"Home\" alt=\"Home\">\n<img src=\"http:\/\/www.kontrastagency.com\/2021\/wp-content\/uploads\/2021\/09\/alp.jpg\" width=\"160\" height=\"75\" title=\"Home\" alt=\"Home\">\n<img src=\"http:\/\/www.kontrastagency.com\/2021\/wp-content\/uploads\/2021\/09\/adnan.jpg\" width=\"160\" height=\"75\" title=\"Home\" alt=\"Home\">\n<img src=\"http:\/\/www.kontrastagency.com\/2021\/wp-content\/uploads\/2021\/09\/alara.jpg\" width=\"160\" height=\"75\" title=\"Home\" alt=\"Home\">\n<img src=\"http:\/\/www.kontrastagency.com\/2021\/wp-content\/uploads\/2021\/09\/agora.jpg\" width=\"160\" height=\"75\" title=\"Home\" alt=\"Home\">\n<img src=\"http:\/\/www.kontrastagency.com\/2021\/wp-content\/uploads\/2021\/09\/unique.jpg\" width=\"160\" height=\"75\" title=\"Home\" alt=\"Home\">\n<img src=\"http:\/\/www.kontrastagency.com\/2021\/wp-content\/uploads\/2021\/09\/ISEV.jpg\" width=\"160\" height=\"75\" title=\"Home\" alt=\"Home\">\n<img src=\"http:\/\/www.kontrastagency.com\/2021\/wp-content\/uploads\/2021\/09\/araxa.jpg\" width=\"160\" height=\"75\" title=\"Home\" alt=\"Home\">\n<img src=\"http:\/\/www.kontrastagency.com\/2021\/wp-content\/uploads\/2021\/09\/hotdog.jpg\" width=\"160\" height=\"75\" title=\"Home\" alt=\"Home\">\n<img src=\"http:\/\/www.kontrastagency.com\/2021\/wp-content\/uploads\/2021\/09\/alp.jpg\" width=\"160\" height=\"75\" title=\"Home\" alt=\"Home\">\n<img src=\"http:\/\/www.kontrastagency.com\/2021\/wp-content\/uploads\/2021\/09\/tufanlar.jpg\" width=\"160\" height=\"75\" title=\"Home\" alt=\"Home\">\n<img src=\"http:\/\/www.kontrastagency.com\/2021\/wp-content\/uploads\/2021\/09\/GI.jpg\" width=\"160\" height=\"75\" title=\"Home\" alt=\"Home\">\n<img src=\"http:\/\/www.kontrastagency.com\/2021\/wp-content\/uploads\/2021\/09\/torque.jpg\" width=\"160\" height=\"75\" title=\"Home\" alt=\"Home\">\n<img src=\"http:\/\/www.kontrastagency.com\/2021\/wp-content\/uploads\/2021\/09\/mod.jpg\" width=\"160\" height=\"75\" title=\"Home\" alt=\"Home\">\n<img src=\"http:\/\/www.kontrastagency.com\/2021\/wp-content\/uploads\/2021\/09\/villas2book.jpg\" width=\"160\" height=\"75\" title=\"Home\" alt=\"Home\">\n<h3>HAYALDEN G\u00d6RSELE<\/h3>\n<svg> <circle r=\"calc(50% - 1px)\" cx=\"50%\" cy=\"50%\" stroke-width=\"2\"\/> <circle r=\"calc(50% - 1px)\" cx=\"50%\" cy=\"50%\" stroke=\"#23c3d1\" stroke-width=\"2\" data-progress=\"100\" stroke-dasharray=\"0,10000\"\/> <\/svg> <i style=\"color: #000\"><svg aria-hidden=\"true\"><use href=\"#tf-ti-ruler-pencil\"><\/use><\/svg><\/i> <p><strong>STRATEJ\u0130<\/strong><\/p>\n<svg> <circle r=\"calc(50% - 1px)\" cx=\"50%\" cy=\"50%\" stroke-width=\"2\"\/> <circle r=\"calc(50% - 1px)\" cx=\"50%\" cy=\"50%\" stroke=\"#23c3d1\" stroke-width=\"2\" data-progress=\"100\" stroke-dasharray=\"0,10000\"\/> <\/svg> <i style=\"color: #000\"><svg aria-hidden=\"true\"><use href=\"#tf-ti-brush\"><\/use><\/svg><\/i> <p><strong>YARATMA<\/strong><\/p>\n<svg> <circle r=\"calc(50% - 1px)\" cx=\"50%\" cy=\"50%\" stroke-width=\"2\"\/> <circle r=\"calc(50% - 1px)\" cx=\"50%\" cy=\"50%\" stroke=\"#23c3d1\" stroke-width=\"2\" data-progress=\"100\" stroke-dasharray=\"0,10000\"\/> <\/svg> <i style=\"color: #000\"><svg aria-hidden=\"true\"><use href=\"#tf-ti-thumb-up\"><\/use><\/svg><\/i> <p><strong>UYGULAMA<\/strong><\/p>\n<h3>KONTRAST Hakk\u0131nda...<\/h3> <p><strong>KONTRAST<\/strong>, temelleri 2007 y\u0131l\u0131nda at\u0131lm\u0131\u015f olan ve g\u00fcn\u00fcm\u00fcze kadar say\u0131s\u0131z markaya hizmet sa\u011flam\u0131\u015f, bir \u00d6zkaplan Medya kurumudur.<\/p>\n<h5>Merkez Ofis<\/h5> <p>Tuzla Mah. 577. Sk. No:8\/6<br \/>Fethiye - MU\u011eLA<\/p> <hr \/> <p>@. <a href=\"mailto:iletisim@kontrastagency.com\">iletisim@kontrastagency.com<\/a><br \/>\u00a0T.+90 539 989 88 98<\/p>","_links":{"self":[{"href":"https:\/\/www.kontrastagency.com\/index.php?rest_route=\/wp\/v2\/pages\/23","targetHints":{"allow":["GET"]}}],"collection":[{"href":"https:\/\/www.kontrastagency.com\/index.php?rest_route=\/wp\/v2\/pages"}],"about":[{"href":"https:\/\/www.kontrastagency.com\/index.php?rest_route=\/wp\/v2\/types\/page"}],"author":[{"embeddable":true,"href":"https:\/\/www.kontrastagency.com\/index.php?rest_route=\/wp\/v2\/users\/1"}],"replies":[{"embeddable":true,"href":"https:\/\/www.kontrastagency.com\/index.php?rest_route=%2Fwp%2Fv2%2Fcomments&post=23"}],"version-history":[{"count":22,"href":"https:\/\/www.kontrastagency.com\/index.php?rest_route=\/wp\/v2\/pages\/23\/revisions"}],"predecessor-version":[{"id":214,"href":"https:\/\/www.kontrastagency.com\/index.php?rest_route=\/wp\/v2\/pages\/23\/revisions\/214"}],"wp:attachment":[{"href":"https:\/\/www.kontrastagency.com\/index.php?rest_route=%2Fwp%2Fv2%2Fmedia&parent=23"}],"curies":[{"name":"wp","href":"https:\/\/api.w.org\/{rel}","templated":true}]}}